{"id":62,"date":"2025-07-22T10:01:16","date_gmt":"2025-07-22T10:01:16","guid":{"rendered":"https:\/\/kocabicaklarinsaat.com\/?page_id=62"},"modified":"2025-07-30T12:09:57","modified_gmt":"2025-07-30T12:09:57","slug":"elementor-62","status":"publish","type":"page","link":"https:\/\/kocabicaklarinsaat.com\/?page_id=62","title":{"rendered":"Seramik"},"content":{"rendered":"\t\t<div data-elementor-type=\"wp-page\" data-elementor-id=\"62\" class=\"elementor elementor-62\">\n\t\t\t\t\t\t<section class=\"elementor-section elementor-top-section elementor-element elementor-element-25aa07a00 elementor-section-height-min-height elementor-section-content-middle elementor-section-boxed elementor-section-height-default elementor-section-items-middle wpr-particle-no wpr-jarallax-no wpr-parallax-no wpr-sticky-section-no\" data-id=\"25aa07a00\" data-element_type=\"section\" data-settings=\"{&quot;background_background&quot;:&quot;classic&quot;}\">\n\t\t\t\t\t\t\t<div class=\"elementor-background-overlay\"><\/div>\n\t\t\t\t\t\t\t<div class=\"elementor-container elementor-column-gap-default\">\n\t\t\t\t\t<div class=\"elementor-column elementor-col-100 elementor-top-column elementor-element elementor-element-4fc5be41\" data-id=\"4fc5be41\" data-element_type=\"column\">\n\t\t\t<div class=\"elementor-widget-wrap elementor-element-populated\">\n\t\t\t\t\t\t<div class=\"elementor-element elementor-element-761e9a78 elementor-widget__width-initial elementor-widget elementor-widget-heading\" data-id=\"761e9a78\" data-element_type=\"widget\" data-widget_type=\"heading.default\">\n\t\t\t\t\t<h2 class=\"elementor-heading-title elementor-size-default\">Seramik Cephe Kaplama ile Modern ve Dayan\u0131kl\u0131 Yap\u0131lar<\/h2>\t\t\t\t<\/div>\n\t\t\t\t\t<\/div>\n\t\t<\/div>\n\t\t\t\t\t<\/div>\n\t\t<\/section>\n\t\t\t\t<section class=\"elementor-section elementor-top-section elementor-element elementor-element-23729ccf elementor-section-boxed elementor-section-height-default elementor-section-height-default wpr-particle-no wpr-jarallax-no wpr-parallax-no wpr-sticky-section-no\" data-id=\"23729ccf\" data-element_type=\"section\">\n\t\t\t\t\t\t<div class=\"elementor-container elementor-column-gap-default\">\n\t\t\t\t\t<div class=\"elementor-column elementor-col-50 elementor-top-column elementor-element elementor-element-2a3a469a\" data-id=\"2a3a469a\" data-element_type=\"column\">\n\t\t\t<div class=\"elementor-widget-wrap elementor-element-populated\">\n\t\t\t\t\t\t<div class=\"elementor-element elementor-element-31dfdce0 elementor-widget elementor-widget-heading\" data-id=\"31dfdce0\" data-element_type=\"widget\" data-widget_type=\"heading.default\">\n\t\t\t\t\t<h3 class=\"elementor-heading-title elementor-size-default\">Neden Seramik Cephe Kaplama?<\/h3>\t\t\t\t<\/div>\n\t\t\t\t<div class=\"elementor-element elementor-element-3e0e79f1 elementor-widget elementor-widget-text-editor\" data-id=\"3e0e79f1\" data-element_type=\"widget\" data-widget_type=\"text-editor.default\">\n\t\t\t\t\t\t\t\t\t<ul><li data-start=\"533\" data-end=\"688\"><p data-start=\"535\" data-end=\"688\"><strong data-start=\"535\" data-end=\"555\">Estetik G\u00f6r\u00fcn\u00fcm:<\/strong> Geni\u015f renk ve doku se\u00e7enekleriyle mimari projelere karakter katar. Ta\u015f, beton veya do\u011fal dokularla b\u00fct\u00fcnle\u015fen \u00f6zel tasar\u0131mlar sunar.<\/p><\/li><li data-start=\"689\" data-end=\"805\"><p data-start=\"691\" data-end=\"805\"><strong data-start=\"691\" data-end=\"715\">Y\u00fcksek Dayan\u0131kl\u0131l\u0131k:<\/strong> D\u0131\u015f hava ko\u015fullar\u0131na, g\u00fcne\u015f \u0131\u015f\u0131nlar\u0131na ve kimyasal etkilere kar\u015f\u0131 son derece diren\u00e7lidir.<\/p><\/li><li data-start=\"806\" data-end=\"916\"><p data-start=\"808\" data-end=\"916\"><strong data-start=\"808\" data-end=\"832\">Is\u0131 ve Ses Yal\u0131t\u0131m\u0131:<\/strong> Uygulama sistemine ba\u011fl\u0131 olarak enerji verimlili\u011fi sa\u011flar, ya\u015fam konforunu art\u0131r\u0131r.<\/p><\/li><li data-start=\"917\" data-end=\"998\"><p data-start=\"919\" data-end=\"998\"><strong data-start=\"919\" data-end=\"939\">Bak\u0131m Kolayl\u0131\u011f\u0131:<\/strong> Zamanla solma, d\u00f6k\u00fclme veya bak\u0131m gereksinimi en aza iner.<\/p><\/li><li data-start=\"999\" data-end=\"1073\"><p data-start=\"1001\" data-end=\"1073\"><strong data-start=\"1001\" data-end=\"1026\">Yang\u0131na Dayan\u0131kl\u0131l\u0131k:<\/strong> Yanmaz yap\u0131s\u0131 sayesinde g\u00fcvenli\u011finizi art\u0131r\u0131r.<\/p><\/li><\/ul>\t\t\t\t\t\t\t\t<\/div>\n\t\t\t\t\t<\/div>\n\t\t<\/div>\n\t\t\t\t<div class=\"elementor-column elementor-col-50 elementor-top-column elementor-element elementor-element-c06621b\" data-id=\"c06621b\" data-element_type=\"column\">\n\t\t\t<div class=\"elementor-widget-wrap elementor-element-populated\">\n\t\t\t\t\t\t<div class=\"elementor-element elementor-element-4d171f8b elementor-widget elementor-widget-image\" data-id=\"4d171f8b\" data-element_type=\"widget\" data-widget_type=\"image.default\">\n\t\t\t\t\t\t\t\t\t\t\t\t\t\t\t<img fetchpriority=\"high\" decoding=\"async\" width=\"1024\" height=\"669\" src=\"https:\/\/kocabicaklarinsaat.com\/wp-content\/uploads\/2025\/07\/stone-floor-texture-1024x669.jpg\" class=\"attachment-large size-large wp-image-147\" alt=\"\" srcset=\"https:\/\/kocabicaklarinsaat.com\/wp-content\/uploads\/2025\/07\/stone-floor-texture-1024x669.jpg 1024w, https:\/\/kocabicaklarinsaat.com\/wp-content\/uploads\/2025\/07\/stone-floor-texture-300x196.jpg 300w, https:\/\/kocabicaklarinsaat.com\/wp-content\/uploads\/2025\/07\/stone-floor-texture-768x502.jpg 768w, https:\/\/kocabicaklarinsaat.com\/wp-content\/uploads\/2025\/07\/stone-floor-texture-1536x1004.jpg 1536w, https:\/\/kocabicaklarinsaat.com\/wp-content\/uploads\/2025\/07\/stone-floor-texture-2048x1338.jpg 2048w\" sizes=\"(max-width: 1024px) 100vw, 1024px\" \/>\t\t\t\t\t\t\t\t\t\t\t\t\t\t\t<\/div>\n\t\t\t\t<div class=\"elementor-element elementor-element-37639374 elementor-widget__width-initial elementor-absolute elementor-hidden-tablet elementor-hidden-mobile elementor-widget-divider--view-line elementor-widget elementor-widget-divider\" data-id=\"37639374\" data-element_type=\"widget\" data-settings=\"{&quot;_position&quot;:&quot;absolute&quot;}\" data-widget_type=\"divider.default\">\n\t\t\t\t\t\t\t<div class=\"elementor-divider\">\n\t\t\t<span class=\"elementor-divider-separator\">\n\t\t\t\t\t\t<\/span>\n\t\t<\/div>\n\t\t\t\t\t\t<\/div>\n\t\t\t\t\t<\/div>\n\t\t<\/div>\n\t\t\t\t\t<\/div>\n\t\t<\/section>\n\t\t\t\t<section class=\"elementor-section elementor-top-section elementor-element elementor-element-43984faa elementor-section-height-min-height elementor-section-content-middle elementor-section-full_width elementor-section-height-default elementor-section-items-middle wpr-particle-no wpr-jarallax-no wpr-parallax-no wpr-sticky-section-no\" data-id=\"43984faa\" data-element_type=\"section\" data-settings=\"{&quot;background_background&quot;:&quot;classic&quot;}\">\n\t\t\t\t\t\t\t<div class=\"elementor-background-overlay\"><\/div>\n\t\t\t\t\t\t\t<div class=\"elementor-container elementor-column-gap-default\">\n\t\t\t\t\t<div class=\"elementor-column elementor-col-33 elementor-top-column elementor-element elementor-element-31e71c67\" data-id=\"31e71c67\" data-element_type=\"column\">\n\t\t\t<div class=\"elementor-widget-wrap\">\n\t\t\t\t\t\t\t<\/div>\n\t\t<\/div>\n\t\t\t\t<div class=\"elementor-column elementor-col-33 elementor-top-column elementor-element elementor-element-6a61f33a\" data-id=\"6a61f33a\" data-element_type=\"column\">\n\t\t\t<div class=\"elementor-widget-wrap elementor-element-populated\">\n\t\t\t\t\t\t<div class=\"elementor-element elementor-element-168545cd elementor-widget elementor-widget-heading\" data-id=\"168545cd\" data-element_type=\"widget\" data-widget_type=\"heading.default\">\n\t\t\t\t\t<h2 class=\"elementor-heading-title elementor-size-default\">Kocab\u0131\u00e7aklar \u0130n\u015faat Fark\u0131<\/h2>\t\t\t\t<\/div>\n\t\t\t\t<div class=\"elementor-element elementor-element-73da682f elementor-invisible elementor-widget elementor-widget-text-editor\" data-id=\"73da682f\" data-element_type=\"widget\" data-settings=\"{&quot;_animation&quot;:&quot;slideInLeft&quot;,&quot;_animation_delay&quot;:100}\" data-widget_type=\"text-editor.default\">\n\t\t\t\t\t\t\t\t\t<p data-start=\"1113\" data-end=\"1249\">Uzman kadromuz ve m\u00fchendislik g\u00fcc\u00fcm\u00fczle seramik cephe kaplama uygulamalar\u0131n\u0131 titizlikle hayata ge\u00e7iriyoruz. Projenin ihtiya\u00e7lar\u0131na g\u00f6re;<\/p><ul data-start=\"1250\" data-end=\"1383\"><li data-start=\"1250\" data-end=\"1284\"><p data-start=\"1252\" data-end=\"1284\">Havaland\u0131rmal\u0131 cephe sistemleri,<\/p><\/li><li data-start=\"1285\" data-end=\"1318\"><p data-start=\"1287\" data-end=\"1318\">Yap\u0131\u015ft\u0131rmal\u0131 montaj teknikleri,<\/p><\/li><li data-start=\"1319\" data-end=\"1383\"><p data-start=\"1321\" data-end=\"1383\">\u00d6zel ankrajl\u0131 \u00e7\u00f6z\u00fcmler gibi alternatiflerle destek sa\u011fl\u0131yoruz.<\/p><\/li><\/ul>\t\t\t\t\t\t\t\t<\/div>\n\t\t\t\t\t<\/div>\n\t\t<\/div>\n\t\t\t\t<div class=\"elementor-column elementor-col-33 elementor-top-column elementor-element elementor-element-11882230\" data-id=\"11882230\" data-element_type=\"column\">\n\t\t\t<div class=\"elementor-widget-wrap\">\n\t\t\t\t\t\t\t<\/div>\n\t\t<\/div>\n\t\t\t\t\t<\/div>\n\t\t<\/section>\n\t\t\t\t<section class=\"elementor-section elementor-top-section elementor-element elementor-element-35936dd5 elementor-section-boxed elementor-section-height-default elementor-section-height-default wpr-particle-no wpr-jarallax-no wpr-parallax-no wpr-sticky-section-no\" data-id=\"35936dd5\" data-element_type=\"section\" data-settings=\"{&quot;background_background&quot;:&quot;classic&quot;}\">\n\t\t\t\t\t\t<div class=\"elementor-container elementor-column-gap-default\">\n\t\t\t\t\t<div class=\"elementor-column elementor-col-100 elementor-top-column elementor-element elementor-element-35d463a7\" data-id=\"35d463a7\" data-element_type=\"column\">\n\t\t\t<div class=\"elementor-widget-wrap elementor-element-populated\">\n\t\t\t\t\t\t<div class=\"elementor-element elementor-element-a14c068 elementor-widget elementor-widget-heading\" data-id=\"a14c068\" data-element_type=\"widget\" data-widget_type=\"heading.default\">\n\t\t\t\t\t<h2 class=\"elementor-heading-title elementor-size-default\">Uygulama Alanlar\u0131m\u0131z:<\/h2>\t\t\t\t<\/div>\n\t\t\t\t<section class=\"elementor-section elementor-inner-section elementor-element elementor-element-4989c4e2 elementor-section-boxed elementor-section-height-default elementor-section-height-default wpr-particle-no wpr-jarallax-no wpr-parallax-no wpr-sticky-section-no\" data-id=\"4989c4e2\" data-element_type=\"section\">\n\t\t\t\t\t\t<div class=\"elementor-container elementor-column-gap-default\">\n\t\t\t\t\t<div class=\"elementor-column elementor-col-25 elementor-inner-column elementor-element elementor-element-7601f85\" data-id=\"7601f85\" data-element_type=\"column\">\n\t\t\t<div class=\"elementor-widget-wrap elementor-element-populated\">\n\t\t\t\t\t\t<div class=\"elementor-element elementor-element-73f54672 wpr-pbar-title-pos-outside wpr-prbar-layout-circle wpr-prbar-prline-rounded-yes wpr-pbar-counter-pos-inside elementor-widget elementor-widget-wpr-progress-bar\" data-id=\"73f54672\" data-element_type=\"widget\" data-widget_type=\"wpr-progress-bar.default\">\n\t\t\t\t\t\t\t\t\n\t\t<div class=\"wpr-progress-bar\" data-options=\"{&quot;counterValue&quot;:86,&quot;counterValuePersent&quot;:86,&quot;counterSeparator&quot;:&quot;&quot;,&quot;animDuration&quot;:1300,&quot;animDelay&quot;:600,&quot;loop&quot;:&quot;&quot;,&quot;loopDelay&quot;:&quot;&quot;}\">\n\t\t\n\t\t\t\n\t\t<div class=\"wpr-prbar-circle\" data-circle-options=\"{&quot;circleOffset&quot;:65.97344572538566,&quot;circleSize&quot;:175,&quot;circleViewbox&quot;:&quot;0 0 175 175&quot;,&quot;circleRadius&quot;:75,&quot;circleLineWidth&quot;:25,&quot;circlePrlineWidth&quot;:18,&quot;circleDasharray&quot;:471.23889803846896}\">\n\n\t\t\t<svg class=\"wpr-prbar-circle-svg\" viewBox=\"0 0 175 175\" >\n\t\t\t\t\n\t\t\t\t\t\t\t\t\n\t\t\t\t<circle class=\"wpr-prbar-circle-line\"\n\t\t\t\t\tcx=\"87.5\"\n\t\t\t\t\tcy=\"87.5\"\n\t\t\t\t\tr=\"75\"\n\t\t\t\t\tstroke-width=\"25\"\n\t\t\t\t\/>\n\n\t\t\t\t<circle class=\"wpr-prbar-circle-prline wpr-anim-timing-ease-default\"\n\t\t\t\t\tcx=\"87.5\"\n\t\t\t\t\tcy=\"87.5\"\n\t\t\t\t\tr=\"75\"\n\t\t\t\t\tstroke=\"#000000\"\n\t\t\t\t\tfill=\"none\"\n\t\t\t\t\tstroke-width=\"18\"\n\t\t\t\t\tstyle=\"stroke-dasharray: 471.23889803847; stroke-dashoffset: 471.23889803847;\"\n\t\t\t\t\/>\n\n\t\t\t<\/svg>\n\n\t\t\t<div class=\"wpr-prbar-content elementor-clearfix\">\n\t\t<div class=\"wpr-prbar-counter\">\n\n\t\t\t\n\t\t\t\t\t\t<span class=\"wpr-prbar-counter-value\">0<\/span>\n\t\t\t\n\t\t\t\t\t\t<span class=\"wpr-prbar-counter-value-suffix\">%<\/span>\n\t\t\t\n\t\t<\/div>\n\n\t\t<\/div>\t\t<\/div>\n\n\t\t<div class=\"wpr-prbar-content elementor-clearfix\"><div class=\"wpr-prbar-title-wrap\"><div class=\"wpr-prbar-title\">Zaman\u0131nda Teslimat Garantisi<\/div><div class=\"wpr-prbar-subtitle\"><\/div><\/div><\/div>\n\t\t<\/div>\n\n\t\t\t\t\t\t<\/div>\n\t\t\t\t\t<\/div>\n\t\t<\/div>\n\t\t\t\t<div class=\"elementor-column elementor-col-25 elementor-inner-column elementor-element elementor-element-71458529\" data-id=\"71458529\" data-element_type=\"column\">\n\t\t\t<div class=\"elementor-widget-wrap elementor-element-populated\">\n\t\t\t\t\t\t<div class=\"elementor-element elementor-element-2b13bfb8 wpr-pbar-title-pos-outside wpr-prbar-layout-circle wpr-prbar-prline-rounded-yes wpr-pbar-counter-pos-inside elementor-widget elementor-widget-wpr-progress-bar\" data-id=\"2b13bfb8\" data-element_type=\"widget\" data-widget_type=\"wpr-progress-bar.default\">\n\t\t\t\t\t\t\t\t\n\t\t<div class=\"wpr-progress-bar\" data-options=\"{&quot;counterValue&quot;:85,&quot;counterValuePersent&quot;:85,&quot;counterSeparator&quot;:&quot;&quot;,&quot;animDuration&quot;:1300,&quot;animDelay&quot;:600,&quot;loop&quot;:&quot;&quot;,&quot;loopDelay&quot;:&quot;&quot;}\">\n\t\t\n\t\t\t\n\t\t<div class=\"wpr-prbar-circle\" data-circle-options=\"{&quot;circleOffset&quot;:70.68583470577033,&quot;circleSize&quot;:175,&quot;circleViewbox&quot;:&quot;0 0 175 175&quot;,&quot;circleRadius&quot;:75,&quot;circleLineWidth&quot;:25,&quot;circlePrlineWidth&quot;:18,&quot;circleDasharray&quot;:471.23889803846896}\">\n\n\t\t\t<svg class=\"wpr-prbar-circle-svg\" viewBox=\"0 0 175 175\" >\n\t\t\t\t\n\t\t\t\t\t\t\t\t\n\t\t\t\t<circle class=\"wpr-prbar-circle-line\"\n\t\t\t\t\tcx=\"87.5\"\n\t\t\t\t\tcy=\"87.5\"\n\t\t\t\t\tr=\"75\"\n\t\t\t\t\tstroke-width=\"25\"\n\t\t\t\t\/>\n\n\t\t\t\t<circle class=\"wpr-prbar-circle-prline wpr-anim-timing-ease-default\"\n\t\t\t\t\tcx=\"87.5\"\n\t\t\t\t\tcy=\"87.5\"\n\t\t\t\t\tr=\"75\"\n\t\t\t\t\tstroke=\"#000000\"\n\t\t\t\t\tfill=\"none\"\n\t\t\t\t\tstroke-width=\"18\"\n\t\t\t\t\tstyle=\"stroke-dasharray: 471.23889803847; stroke-dashoffset: 471.23889803847;\"\n\t\t\t\t\/>\n\n\t\t\t<\/svg>\n\n\t\t\t<div class=\"wpr-prbar-content elementor-clearfix\">\n\t\t<div class=\"wpr-prbar-counter\">\n\n\t\t\t\n\t\t\t\t\t\t<span class=\"wpr-prbar-counter-value\">0<\/span>\n\t\t\t\n\t\t\t\t\t\t<span class=\"wpr-prbar-counter-value-suffix\">%<\/span>\n\t\t\t\n\t\t<\/div>\n\n\t\t<\/div>\t\t<\/div>\n\n\t\t<div class=\"wpr-prbar-content elementor-clearfix\"><div class=\"wpr-prbar-title-wrap\"><div class=\"wpr-prbar-title\">G\u00fcvenilirlik <\/div><div class=\"wpr-prbar-subtitle\"><\/div><\/div><\/div>\n\t\t<\/div>\n\n\t\t\t\t\t\t<\/div>\n\t\t\t\t\t<\/div>\n\t\t<\/div>\n\t\t\t\t<div class=\"elementor-column elementor-col-25 elementor-inner-column elementor-element elementor-element-3cb21667\" data-id=\"3cb21667\" data-element_type=\"column\">\n\t\t\t<div class=\"elementor-widget-wrap elementor-element-populated\">\n\t\t\t\t\t\t<div class=\"elementor-element elementor-element-56de74e8 wpr-pbar-title-pos-outside wpr-prbar-layout-circle wpr-prbar-prline-rounded-yes wpr-pbar-counter-pos-inside elementor-widget elementor-widget-wpr-progress-bar\" data-id=\"56de74e8\" data-element_type=\"widget\" data-widget_type=\"wpr-progress-bar.default\">\n\t\t\t\t\t\t\t\t\n\t\t<div class=\"wpr-progress-bar\" data-options=\"{&quot;counterValue&quot;:82,&quot;counterValuePersent&quot;:82,&quot;counterSeparator&quot;:&quot;&quot;,&quot;animDuration&quot;:1300,&quot;animDelay&quot;:600,&quot;loop&quot;:&quot;&quot;,&quot;loopDelay&quot;:&quot;&quot;}\">\n\t\t\n\t\t\t\n\t\t<div class=\"wpr-prbar-circle\" data-circle-options=\"{&quot;circleOffset&quot;:84.82300164692441,&quot;circleSize&quot;:175,&quot;circleViewbox&quot;:&quot;0 0 175 175&quot;,&quot;circleRadius&quot;:75,&quot;circleLineWidth&quot;:25,&quot;circlePrlineWidth&quot;:18,&quot;circleDasharray&quot;:471.23889803846896}\">\n\n\t\t\t<svg class=\"wpr-prbar-circle-svg\" viewBox=\"0 0 175 175\" >\n\t\t\t\t\n\t\t\t\t\t\t\t\t\n\t\t\t\t<circle class=\"wpr-prbar-circle-line\"\n\t\t\t\t\tcx=\"87.5\"\n\t\t\t\t\tcy=\"87.5\"\n\t\t\t\t\tr=\"75\"\n\t\t\t\t\tstroke-width=\"25\"\n\t\t\t\t\/>\n\n\t\t\t\t<circle class=\"wpr-prbar-circle-prline wpr-anim-timing-ease-default\"\n\t\t\t\t\tcx=\"87.5\"\n\t\t\t\t\tcy=\"87.5\"\n\t\t\t\t\tr=\"75\"\n\t\t\t\t\tstroke=\"#000000\"\n\t\t\t\t\tfill=\"none\"\n\t\t\t\t\tstroke-width=\"18\"\n\t\t\t\t\tstyle=\"stroke-dasharray: 471.23889803847; stroke-dashoffset: 471.23889803847;\"\n\t\t\t\t\/>\n\n\t\t\t<\/svg>\n\n\t\t\t<div class=\"wpr-prbar-content elementor-clearfix\">\n\t\t<div class=\"wpr-prbar-counter\">\n\n\t\t\t\n\t\t\t\t\t\t<span class=\"wpr-prbar-counter-value\">0<\/span>\n\t\t\t\n\t\t\t\t\t\t<span class=\"wpr-prbar-counter-value-suffix\">%<\/span>\n\t\t\t\n\t\t<\/div>\n\n\t\t<\/div>\t\t<\/div>\n\n\t\t<div class=\"wpr-prbar-content elementor-clearfix\"><div class=\"wpr-prbar-title-wrap\"><div class=\"wpr-prbar-title\">Yerli ve \u0130thal Malzeme Se\u00e7enekleri<\/div><div class=\"wpr-prbar-subtitle\"><\/div><\/div><\/div>\n\t\t<\/div>\n\n\t\t\t\t\t\t<\/div>\n\t\t\t\t\t<\/div>\n\t\t<\/div>\n\t\t\t\t<div class=\"elementor-column elementor-col-25 elementor-inner-column elementor-element elementor-element-3a89b7f4\" data-id=\"3a89b7f4\" data-element_type=\"column\">\n\t\t\t<div class=\"elementor-widget-wrap elementor-element-populated\">\n\t\t\t\t\t\t<div class=\"elementor-element elementor-element-201511fd wpr-pbar-title-pos-outside wpr-prbar-layout-circle wpr-prbar-prline-rounded-yes wpr-pbar-counter-pos-inside elementor-widget elementor-widget-wpr-progress-bar\" data-id=\"201511fd\" data-element_type=\"widget\" data-widget_type=\"wpr-progress-bar.default\">\n\t\t\t\t\t\t\t\t\n\t\t<div class=\"wpr-progress-bar\" data-options=\"{&quot;counterValue&quot;:90,&quot;counterValuePersent&quot;:90,&quot;counterSeparator&quot;:&quot;&quot;,&quot;animDuration&quot;:1300,&quot;animDelay&quot;:600,&quot;loop&quot;:&quot;&quot;,&quot;loopDelay&quot;:&quot;&quot;}\">\n\t\t\n\t\t\t\n\t\t<div class=\"wpr-prbar-circle\" data-circle-options=\"{&quot;circleOffset&quot;:47.12388980384691,&quot;circleSize&quot;:175,&quot;circleViewbox&quot;:&quot;0 0 175 175&quot;,&quot;circleRadius&quot;:75,&quot;circleLineWidth&quot;:25,&quot;circlePrlineWidth&quot;:18,&quot;circleDasharray&quot;:471.23889803846896}\">\n\n\t\t\t<svg class=\"wpr-prbar-circle-svg\" viewBox=\"0 0 175 175\" >\n\t\t\t\t\n\t\t\t\t\t\t\t\t\n\t\t\t\t<circle class=\"wpr-prbar-circle-line\"\n\t\t\t\t\tcx=\"87.5\"\n\t\t\t\t\tcy=\"87.5\"\n\t\t\t\t\tr=\"75\"\n\t\t\t\t\tstroke-width=\"25\"\n\t\t\t\t\/>\n\n\t\t\t\t<circle class=\"wpr-prbar-circle-prline wpr-anim-timing-ease-default\"\n\t\t\t\t\tcx=\"87.5\"\n\t\t\t\t\tcy=\"87.5\"\n\t\t\t\t\tr=\"75\"\n\t\t\t\t\tstroke=\"#000000\"\n\t\t\t\t\tfill=\"none\"\n\t\t\t\t\tstroke-width=\"18\"\n\t\t\t\t\tstyle=\"stroke-dasharray: 471.23889803847; stroke-dashoffset: 471.23889803847;\"\n\t\t\t\t\/>\n\n\t\t\t<\/svg>\n\n\t\t\t<div class=\"wpr-prbar-content elementor-clearfix\">\n\t\t<div class=\"wpr-prbar-counter\">\n\n\t\t\t\n\t\t\t\t\t\t<span class=\"wpr-prbar-counter-value\">0<\/span>\n\t\t\t\n\t\t\t\t\t\t<span class=\"wpr-prbar-counter-value-suffix\">%<\/span>\n\t\t\t\n\t\t<\/div>\n\n\t\t<\/div>\t\t<\/div>\n\n\t\t<div class=\"wpr-prbar-content elementor-clearfix\"><div class=\"wpr-prbar-title-wrap\"><div class=\"wpr-prbar-title\">M\u00fc\u015fteri Memnuniyeti<\/div><div class=\"wpr-prbar-subtitle\"><\/div><\/div><\/div>\n\t\t<\/div>\n\n\t\t\t\t\t\t<\/div>\n\t\t\t\t\t<\/div>\n\t\t<\/div>\n\t\t\t\t\t<\/div>\n\t\t<\/section>\n\t\t\t\t\t<\/div>\n\t\t<\/div>\n\t\t\t\t\t<\/div>\n\t\t<\/section>\n\t\t\t\t<\/div>\n\t\t","protected":false},"excerpt":{"rendered":"<p>Seramik Cephe Kaplama ile Modern ve Dayan\u0131kl\u0131 Yap\u0131lar Neden Seramik Cephe Kaplama? Estetik G\u00f6r\u00fcn\u00fcm: Geni\u015f renk ve doku se\u00e7enekleriyle mimari projelere karakter katar. Ta\u015f, beton veya do\u011fal dokularla b\u00fct\u00fcnle\u015fen \u00f6zel tasar\u0131mlar sunar. Y\u00fcksek Dayan\u0131kl\u0131l\u0131k: D\u0131\u015f hava ko\u015fullar\u0131na, g\u00fcne\u015f \u0131\u015f\u0131nlar\u0131na ve kimyasal etkilere kar\u015f\u0131 son derece diren\u00e7lidir. Is\u0131 ve Ses Yal\u0131t\u0131m\u0131: Uygulama sistemine ba\u011fl\u0131 olarak enerji verimlili\u011fi sa\u011flar, ya\u015fam konforunu art\u0131r\u0131r. Bak\u0131m Kolayl\u0131\u011f\u0131: Zamanla solma, d\u00f6k\u00fclme veya bak\u0131m gereksinimi en aza iner. Yang\u0131na Dayan\u0131kl\u0131l\u0131k: Yanmaz yap\u0131s\u0131 sayesinde g\u00fcvenli\u011finizi art\u0131r\u0131r. Kocab\u0131\u00e7aklar \u0130n\u015faat Fark\u0131 Uzman kadromuz ve m\u00fchendislik g\u00fcc\u00fcm\u00fczle seramik cephe kaplama uygulamalar\u0131n\u0131 titizlikle hayata ge\u00e7iriyoruz. Projenin ihtiya\u00e7lar\u0131na g\u00f6re; Havaland\u0131rmal\u0131 cephe sistemleri, Yap\u0131\u015ft\u0131rmal\u0131 montaj teknikleri, \u00d6zel ankrajl\u0131 \u00e7\u00f6z\u00fcmler gibi alternatiflerle destek sa\u011fl\u0131yoruz. Uygulama Alanlar\u0131m\u0131z: 0 % Zaman\u0131nda Teslimat Garantisi 0 % G\u00fcvenilirlik 0 % Yerli ve \u0130thal Malzeme Se\u00e7enekleri 0 % M\u00fc\u015fteri Memnuniyeti<\/p>\n","protected":false},"author":1,"featured_media":0,"parent":0,"menu_order":0,"comment_status":"closed","ping_status":"closed","template":"","meta":{"site-sidebar-layout":"default","site-content-layout":"","ast-site-content-layout":"default","site-content-style":"default","site-sidebar-style":"default","ast-global-header-display":"","ast-banner-title-visibility":"","ast-main-header-display":"","ast-hfb-above-header-display":"","ast-hfb-below-header-display":"","ast-hfb-mobile-header-display":"","site-post-title":"","ast-breadcrumbs-content":"","ast-featured-img":"","footer-sml-layout":"","theme-transparent-header-meta":"","adv-header-id-meta":"","stick-header-meta":"","header-above-stick-meta":"","header-main-stick-meta":"","header-below-stick-meta":"","astra-migrate-meta-layouts":"default","ast-page-background-enabled":"default","ast-page-background-meta":{"desktop":{"background-color":"var(--ast-global-color-5)","background-image":"","background-repeat":"repeat","background-position":"center center","background-size":"auto","background-attachment":"scroll","background-type":"","background-media":"","overlay-type":"","overlay-color":"","overlay-opacity":"","overlay-gradient":""},"tablet":{"background-color":"","background-image":"","background-repeat":"repeat","background-position":"center center","background-size":"auto","background-attachment":"scroll","background-type":"","background-media":"","overlay-type":"","overlay-color":"","overlay-opacity":"","overlay-gradient":""},"mobile":{"background-color":"","background-image":"","background-repeat":"repeat","background-position":"center center","background-size":"auto","background-attachment":"scroll","background-type":"","background-media":"","overlay-type":"","overlay-color":"","overlay-opacity":"","overlay-gradient":""}},"ast-content-background-meta":{"desktop":{"background-color":"var(--ast-global-color-4)","background-image":"","background-repeat":"repeat","background-position":"center center","background-size":"auto","background-attachment":"scroll","background-type":"","background-media":"","overlay-type":"","overlay-color":"","overlay-opacity":"","overlay-gradient":""},"tablet":{"background-color":"var(--ast-global-color-4)","background-image":"","background-repeat":"repeat","background-position":"center center","background-size":"auto","background-attachment":"scroll","background-type":"","background-media":"","overlay-type":"","overlay-color":"","overlay-opacity":"","overlay-gradient":""},"mobile":{"background-color":"var(--ast-global-color-4)","background-image":"","background-repeat":"repeat","background-position":"center center","background-size":"auto","background-attachment":"scroll","background-type":"","background-media":"","overlay-type":"","overlay-color":"","overlay-opacity":"","overlay-gradient":""}},"footnotes":""},"class_list":["post-62","page","type-page","status-publish","hentry"],"_links":{"self":[{"href":"https:\/\/kocabicaklarinsaat.com\/index.php?rest_route=\/wp\/v2\/pages\/62","targetHints":{"allow":["GET"]}}],"collection":[{"href":"https:\/\/kocabicaklarinsaat.com\/index.php?rest_route=\/wp\/v2\/pages"}],"about":[{"href":"https:\/\/kocabicaklarinsaat.com\/index.php?rest_route=\/wp\/v2\/types\/page"}],"author":[{"embeddable":true,"href":"https:\/\/kocabicaklarinsaat.com\/index.php?rest_route=\/wp\/v2\/users\/1"}],"replies":[{"embeddable":true,"href":"https:\/\/kocabicaklarinsaat.com\/index.php?rest_route=%2Fwp%2Fv2%2Fcomments&post=62"}],"version-history":[{"count":21,"href":"https:\/\/kocabicaklarinsaat.com\/index.php?rest_route=\/wp\/v2\/pages\/62\/revisions"}],"predecessor-version":[{"id":1509,"href":"https:\/\/kocabicaklarinsaat.com\/index.php?rest_route=\/wp\/v2\/pages\/62\/revisions\/1509"}],"wp:attachment":[{"href":"https:\/\/kocabicaklarinsaat.com\/index.php?rest_route=%2Fwp%2Fv2%2Fmedia&parent=62"}],"curies":[{"name":"wp","href":"https:\/\/api.w.org\/{rel}","templated":true}]}}