{"id":79,"date":"2025-07-22T10:09:46","date_gmt":"2025-07-22T10:09:46","guid":{"rendered":"https:\/\/kocabicaklarinsaat.com\/?page_id=79"},"modified":"2025-07-30T12:22:14","modified_gmt":"2025-07-30T12:22:14","slug":"firmamiz","status":"publish","type":"page","link":"https:\/\/kocabicaklarinsaat.com\/?page_id=79","title":{"rendered":"Firmam\u0131z"},"content":{"rendered":"\t\t<div data-elementor-type=\"wp-page\" data-elementor-id=\"79\" class=\"elementor elementor-79\">\n\t\t\t\t\t\t<section class=\"elementor-section elementor-top-section elementor-element elementor-element-7f2b8e10 elementor-section-height-min-height elementor-section-content-middle elementor-section-boxed elementor-section-height-default elementor-section-items-middle wpr-particle-no wpr-jarallax-no wpr-parallax-no wpr-sticky-section-no\" data-id=\"7f2b8e10\" data-element_type=\"section\" data-settings=\"{&quot;background_background&quot;:&quot;classic&quot;}\">\n\t\t\t\t\t\t\t<div class=\"elementor-background-overlay\"><\/div>\n\t\t\t\t\t\t\t<div class=\"elementor-container elementor-column-gap-default\">\n\t\t\t\t\t<div class=\"elementor-column elementor-col-100 elementor-top-column elementor-element elementor-element-2c877a9e\" data-id=\"2c877a9e\" data-element_type=\"column\">\n\t\t\t<div class=\"elementor-widget-wrap elementor-element-populated\">\n\t\t\t\t\t\t<div class=\"elementor-element elementor-element-464a00d1 elementor-widget elementor-widget-heading\" data-id=\"464a00d1\" data-element_type=\"widget\" data-widget_type=\"heading.default\">\n\t\t\t\t\t<h2 class=\"elementor-heading-title elementor-size-default\">Cephe Sistemlerinde Profesyonel \u00c7\u00f6z\u00fcmler<\/h2>\t\t\t\t<\/div>\n\t\t\t\t\t<\/div>\n\t\t<\/div>\n\t\t\t\t\t<\/div>\n\t\t<\/section>\n\t\t\t\t<section class=\"elementor-section elementor-top-section elementor-element elementor-element-7d882d7 elementor-section-boxed elementor-section-height-default elementor-section-height-default wpr-particle-no wpr-jarallax-no wpr-parallax-no wpr-sticky-section-no\" data-id=\"7d882d7\" data-element_type=\"section\">\n\t\t\t\t\t\t<div class=\"elementor-container elementor-column-gap-default\">\n\t\t\t\t\t<div class=\"elementor-column elementor-col-50 elementor-top-column elementor-element elementor-element-7900294e\" data-id=\"7900294e\" data-element_type=\"column\">\n\t\t\t<div class=\"elementor-widget-wrap elementor-element-populated\">\n\t\t\t\t\t\t<div class=\"elementor-element elementor-element-2df56b10 elementor-widget elementor-widget-heading\" data-id=\"2df56b10\" data-element_type=\"widget\" data-widget_type=\"heading.default\">\n\t\t\t\t\t<h3 class=\"elementor-heading-title elementor-size-default\">Cephe Sistemlerinde Profesyonel \u00c7\u00f6z\u00fcmler<\/h3>\t\t\t\t<\/div>\n\t\t\t\t<div class=\"elementor-element elementor-element-2c2105ed elementor-widget elementor-widget-text-editor\" data-id=\"2c2105ed\" data-element_type=\"widget\" data-widget_type=\"text-editor.default\">\n\t\t\t\t\t\t\t\t\t<p>Mimari esteti\u011fi teknik dayan\u0131kl\u0131l\u0131kla bulu\u015fturan cephe sistemleri, modern yap\u0131lar\u0131n kimli\u011fini belirleyen en \u00f6nemli unsurlardan biridir. <strong data-start=\"415\" data-end=\"438\">Kocab\u0131\u00e7aklar \u0130n\u015faat<\/strong> olarak, her projeye \u00f6zel geli\u015ftirdi\u011fimiz cephe \u00e7\u00f6z\u00fcmleriyle, sadece d\u0131\u015f g\u00f6r\u00fcn\u00fc\u015f\u00fc de\u011fil, yap\u0131n\u0131n b\u00fct\u00fcn\u00fcn\u00fc g\u00fc\u00e7lendiriyoruz.<\/p>\t\t\t\t\t\t\t\t<\/div>\n\t\t\t\t\t<\/div>\n\t\t<\/div>\n\t\t\t\t<div class=\"elementor-column elementor-col-50 elementor-top-column elementor-element elementor-element-644b48d7\" data-id=\"644b48d7\" data-element_type=\"column\">\n\t\t\t<div class=\"elementor-widget-wrap elementor-element-populated\">\n\t\t\t\t\t\t<div class=\"elementor-element elementor-element-15bd515c elementor-widget elementor-widget-image\" data-id=\"15bd515c\" data-element_type=\"widget\" data-widget_type=\"image.default\">\n\t\t\t\t\t\t\t\t\t\t\t\t\t\t\t<img fetchpriority=\"high\" decoding=\"async\" width=\"1024\" height=\"575\" src=\"https:\/\/kocabicaklarinsaat.com\/wp-content\/uploads\/2025\/07\/koc-city-1.jpg\" class=\"attachment-large size-large wp-image-121\" alt=\"\" srcset=\"https:\/\/kocabicaklarinsaat.com\/wp-content\/uploads\/2025\/07\/koc-city-1.jpg 1024w, https:\/\/kocabicaklarinsaat.com\/wp-content\/uploads\/2025\/07\/koc-city-1-300x168.jpg 300w, https:\/\/kocabicaklarinsaat.com\/wp-content\/uploads\/2025\/07\/koc-city-1-768x431.jpg 768w\" sizes=\"(max-width: 1024px) 100vw, 1024px\" \/>\t\t\t\t\t\t\t\t\t\t\t\t\t\t\t<\/div>\n\t\t\t\t\t<\/div>\n\t\t<\/div>\n\t\t\t\t\t<\/div>\n\t\t<\/section>\n\t\t\t\t<section class=\"elementor-section elementor-top-section elementor-element elementor-element-c8b09f8 elementor-section-height-min-height elementor-section-content-middle elementor-section-full_width elementor-section-height-default elementor-section-items-middle wpr-particle-no wpr-jarallax-no wpr-parallax-no wpr-sticky-section-no\" data-id=\"c8b09f8\" data-element_type=\"section\" data-settings=\"{&quot;background_background&quot;:&quot;classic&quot;}\">\n\t\t\t\t\t\t\t<div class=\"elementor-background-overlay\"><\/div>\n\t\t\t\t\t\t\t<div class=\"elementor-container elementor-column-gap-default\">\n\t\t\t\t\t<div class=\"elementor-column elementor-col-33 elementor-top-column elementor-element elementor-element-137d4d1a\" data-id=\"137d4d1a\" data-element_type=\"column\">\n\t\t\t<div class=\"elementor-widget-wrap\">\n\t\t\t\t\t\t\t<\/div>\n\t\t<\/div>\n\t\t\t\t<div class=\"elementor-column elementor-col-33 elementor-top-column elementor-element elementor-element-6bcb484f\" data-id=\"6bcb484f\" data-element_type=\"column\">\n\t\t\t<div class=\"elementor-widget-wrap elementor-element-populated\">\n\t\t\t\t\t\t<div class=\"elementor-element elementor-element-54b71cf8 elementor-widget elementor-widget-heading\" data-id=\"54b71cf8\" data-element_type=\"widget\" data-widget_type=\"heading.default\">\n\t\t\t\t\t<h2 class=\"elementor-heading-title elementor-size-default\">Zaman\u0131nda Teslimat, Kal\u0131c\u0131 Kalite<\/h2>\t\t\t\t<\/div>\n\t\t\t\t<div class=\"elementor-element elementor-element-54f8f68 elementor-invisible elementor-widget elementor-widget-text-editor\" data-id=\"54f8f68\" data-element_type=\"widget\" data-settings=\"{&quot;_animation&quot;:&quot;slideInLeft&quot;,&quot;_animation_delay&quot;:100}\" data-widget_type=\"text-editor.default\">\n\t\t\t\t\t\t\t\t\t<p>Cephe uygulamalar\u0131nda kalite kadar <strong data-start=\"1150\" data-end=\"1175\">i\u015f program\u0131na sadakat<\/strong> da \u00f6nemlidir. Kocab\u0131\u00e7aklar \u0130n\u015faat, projelerini taahh\u00fct edilen s\u00fcrede eksiksiz \u015fekilde teslim eder.<\/p>\t\t\t\t\t\t\t\t<\/div>\n\t\t\t\t\t<\/div>\n\t\t<\/div>\n\t\t\t\t<div class=\"elementor-column elementor-col-33 elementor-top-column elementor-element elementor-element-4ab61dcb\" data-id=\"4ab61dcb\" data-element_type=\"column\">\n\t\t\t<div class=\"elementor-widget-wrap\">\n\t\t\t\t\t\t\t<\/div>\n\t\t<\/div>\n\t\t\t\t\t<\/div>\n\t\t<\/section>\n\t\t\t\t<section class=\"elementor-section elementor-top-section elementor-element elementor-element-9c3c48b elementor-section-boxed elementor-section-height-default elementor-section-height-default wpr-particle-no wpr-jarallax-no wpr-parallax-no wpr-sticky-section-no\" data-id=\"9c3c48b\" data-element_type=\"section\">\n\t\t\t\t\t\t<div class=\"elementor-container elementor-column-gap-default\">\n\t\t\t\t\t<div class=\"elementor-column elementor-col-50 elementor-top-column elementor-element elementor-element-c1c5fe1\" data-id=\"c1c5fe1\" data-element_type=\"column\">\n\t\t\t<div class=\"elementor-widget-wrap elementor-element-populated\">\n\t\t\t\t\t\t<div class=\"elementor-element elementor-element-f14b4b5 elementor-widget elementor-widget-heading\" data-id=\"f14b4b5\" data-element_type=\"widget\" data-widget_type=\"heading.default\">\n\t\t\t\t\t<h3 class=\"elementor-heading-title elementor-size-default\">T\u00fcm Mekanik Montaj Cephe Sistemlerinde Uzmanl\u0131k<\/h3>\t\t\t\t<\/div>\n\t\t\t\t<div class=\"elementor-element elementor-element-711d068 elementor-widget elementor-widget-text-editor\" data-id=\"711d068\" data-element_type=\"widget\" data-widget_type=\"text-editor.default\">\n\t\t\t\t\t\t\t\t\t<p>Kocab\u0131\u00e7aklar \u0130n\u015faat olarak, al\u00fcminyumdan kompozit panele, g\u00fcne\u015f k\u0131r\u0131c\u0131dan \u00f6zel tasar\u0131m ta\u015f\u0131y\u0131c\u0131 sistemlere kadar t\u00fcm mekanik montaj cephe uygulamalar\u0131n\u0131 anahtar teslim olarak hayata ge\u00e7iriyoruz. Mimari detaylara sad\u0131k kalarak geli\u015ftirdi\u011fimiz \u00e7\u00f6z\u00fcmler, sadece estetik de\u011fil; ayn\u0131 zamanda uzun \u00f6m\u00fcrl\u00fc, g\u00fcvenli ve y\u00fcksek performansl\u0131 yap\u0131lar ortaya koymam\u0131z\u0131 sa\u011fl\u0131yor. Her projeye \u00f6zel m\u00fchendislik yakla\u015f\u0131m\u0131m\u0131zla, cephe sistemlerinde fark yaratan sonu\u00e7lar sunuyoruz.<\/p>\t\t\t\t\t\t\t\t<\/div>\n\t\t\t\t\t<\/div>\n\t\t<\/div>\n\t\t\t\t<div class=\"elementor-column elementor-col-50 elementor-top-column elementor-element elementor-element-fa8b2ef\" data-id=\"fa8b2ef\" data-element_type=\"column\">\n\t\t\t<div class=\"elementor-widget-wrap elementor-element-populated\">\n\t\t\t\t\t\t<div class=\"elementor-element elementor-element-949ca03 elementor-widget elementor-widget-image\" data-id=\"949ca03\" data-element_type=\"widget\" data-widget_type=\"image.default\">\n\t\t\t\t\t\t\t\t\t\t\t\t\t\t\t<img decoding=\"async\" width=\"1024\" height=\"575\" src=\"https:\/\/kocabicaklarinsaat.com\/wp-content\/uploads\/2025\/07\/ijfm8lx6u2spp0lsciab-1024x575.webp\" class=\"attachment-large size-large wp-image-1485\" alt=\"\" srcset=\"https:\/\/kocabicaklarinsaat.com\/wp-content\/uploads\/2025\/07\/ijfm8lx6u2spp0lsciab-1024x575.webp 1024w, https:\/\/kocabicaklarinsaat.com\/wp-content\/uploads\/2025\/07\/ijfm8lx6u2spp0lsciab-300x169.webp 300w, https:\/\/kocabicaklarinsaat.com\/wp-content\/uploads\/2025\/07\/ijfm8lx6u2spp0lsciab-768x432.webp 768w, https:\/\/kocabicaklarinsaat.com\/wp-content\/uploads\/2025\/07\/ijfm8lx6u2spp0lsciab-1536x863.webp 1536w, https:\/\/kocabicaklarinsaat.com\/wp-content\/uploads\/2025\/07\/ijfm8lx6u2spp0lsciab.webp 1920w\" sizes=\"(max-width: 1024px) 100vw, 1024px\" \/>\t\t\t\t\t\t\t\t\t\t\t\t\t\t\t<\/div>\n\t\t\t\t\t<\/div>\n\t\t<\/div>\n\t\t\t\t\t<\/div>\n\t\t<\/section>\n\t\t\t\t<\/div>\n\t\t","protected":false},"excerpt":{"rendered":"<p>Cephe Sistemlerinde Profesyonel \u00c7\u00f6z\u00fcmler Cephe Sistemlerinde Profesyonel \u00c7\u00f6z\u00fcmler Mimari esteti\u011fi teknik dayan\u0131kl\u0131l\u0131kla bulu\u015fturan cephe sistemleri, modern yap\u0131lar\u0131n kimli\u011fini belirleyen en \u00f6nemli unsurlardan biridir. Kocab\u0131\u00e7aklar \u0130n\u015faat olarak, her projeye \u00f6zel geli\u015ftirdi\u011fimiz cephe \u00e7\u00f6z\u00fcmleriyle, sadece d\u0131\u015f g\u00f6r\u00fcn\u00fc\u015f\u00fc de\u011fil, yap\u0131n\u0131n b\u00fct\u00fcn\u00fcn\u00fc g\u00fc\u00e7lendiriyoruz. Zaman\u0131nda Teslimat, Kal\u0131c\u0131 Kalite Cephe uygulamalar\u0131nda kalite kadar i\u015f program\u0131na sadakat da \u00f6nemlidir. Kocab\u0131\u00e7aklar \u0130n\u015faat, projelerini taahh\u00fct edilen s\u00fcrede eksiksiz \u015fekilde teslim eder. T\u00fcm Mekanik Montaj Cephe Sistemlerinde Uzmanl\u0131k Kocab\u0131\u00e7aklar \u0130n\u015faat olarak, al\u00fcminyumdan kompozit panele, g\u00fcne\u015f k\u0131r\u0131c\u0131dan \u00f6zel tasar\u0131m ta\u015f\u0131y\u0131c\u0131 sistemlere kadar t\u00fcm mekanik montaj cephe uygulamalar\u0131n\u0131 anahtar teslim olarak hayata ge\u00e7iriyoruz. Mimari detaylara sad\u0131k kalarak geli\u015ftirdi\u011fimiz \u00e7\u00f6z\u00fcmler, sadece estetik de\u011fil; ayn\u0131 zamanda uzun \u00f6m\u00fcrl\u00fc, g\u00fcvenli ve y\u00fcksek performansl\u0131 yap\u0131lar ortaya koymam\u0131z\u0131 sa\u011fl\u0131yor. Her projeye \u00f6zel m\u00fchendislik yakla\u015f\u0131m\u0131m\u0131zla, cephe sistemlerinde fark yaratan sonu\u00e7lar sunuyoruz.<\/p>\n","protected":false},"author":1,"featured_media":0,"parent":0,"menu_order":0,"comment_status":"closed","ping_status":"closed","template":"","meta":{"site-sidebar-layout":"default","site-content-layout":"","ast-site-content-layout":"default","site-content-style":"default","site-sidebar-style":"default","ast-global-header-display":"","ast-banner-title-visibility":"","ast-main-header-display":"","ast-hfb-above-header-display":"","ast-hfb-below-header-display":"","ast-hfb-mobile-header-display":"","site-post-title":"","ast-breadcrumbs-content":"","ast-featured-img":"","footer-sml-layout":"","theme-transparent-header-meta":"","adv-header-id-meta":"","stick-header-meta":"","header-above-stick-meta":"","header-main-stick-meta":"","header-below-stick-meta":"","astra-migrate-meta-layouts":"default","ast-page-background-enabled":"default","ast-page-background-meta":{"desktop":{"background-color":"var(--ast-global-color-5)","background-image":"","background-repeat":"repeat","background-position":"center center","background-size":"auto","background-attachment":"scroll","background-type":"","background-media":"","overlay-type":"","overlay-color":"","overlay-opacity":"","overlay-gradient":""},"tablet":{"background-color":"","background-image":"","background-repeat":"repeat","background-position":"center center","background-size":"auto","background-attachment":"scroll","background-type":"","background-media":"","overlay-type":"","overlay-color":"","overlay-opacity":"","overlay-gradient":""},"mobile":{"background-color":"","background-image":"","background-repeat":"repeat","background-position":"center center","background-size":"auto","background-attachment":"scroll","background-type":"","background-media":"","overlay-type":"","overlay-color":"","overlay-opacity":"","overlay-gradient":""}},"ast-content-background-meta":{"desktop":{"background-color":"var(--ast-global-color-4)","background-image":"","background-repeat":"repeat","background-position":"center center","background-size":"auto","background-attachment":"scroll","background-type":"","background-media":"","overlay-type":"","overlay-color":"","overlay-opacity":"","overlay-gradient":""},"tablet":{"background-color":"var(--ast-global-color-4)","background-image":"","background-repeat":"repeat","background-position":"center center","background-size":"auto","background-attachment":"scroll","background-type":"","background-media":"","overlay-type":"","overlay-color":"","overlay-opacity":"","overlay-gradient":""},"mobile":{"background-color":"var(--ast-global-color-4)","background-image":"","background-repeat":"repeat","background-position":"center center","background-size":"auto","background-attachment":"scroll","background-type":"","background-media":"","overlay-type":"","overlay-color":"","overlay-opacity":"","overlay-gradient":""}},"footnotes":""},"class_list":["post-79","page","type-page","status-publish","hentry"],"_links":{"self":[{"href":"https:\/\/kocabicaklarinsaat.com\/index.php?rest_route=\/wp\/v2\/pages\/79","targetHints":{"allow":["GET"]}}],"collection":[{"href":"https:\/\/kocabicaklarinsaat.com\/index.php?rest_route=\/wp\/v2\/pages"}],"about":[{"href":"https:\/\/kocabicaklarinsaat.com\/index.php?rest_route=\/wp\/v2\/types\/page"}],"author":[{"embeddable":true,"href":"https:\/\/kocabicaklarinsaat.com\/index.php?rest_route=\/wp\/v2\/users\/1"}],"replies":[{"embeddable":true,"href":"https:\/\/kocabicaklarinsaat.com\/index.php?rest_route=%2Fwp%2Fv2%2Fcomments&post=79"}],"version-history":[{"count":29,"href":"https:\/\/kocabicaklarinsaat.com\/index.php?rest_route=\/wp\/v2\/pages\/79\/revisions"}],"predecessor-version":[{"id":1539,"href":"https:\/\/kocabicaklarinsaat.com\/index.php?rest_route=\/wp\/v2\/pages\/79\/revisions\/1539"}],"wp:attachment":[{"href":"https:\/\/kocabicaklarinsaat.com\/index.php?rest_route=%2Fwp%2Fv2%2Fmedia&parent=79"}],"curies":[{"name":"wp","href":"https:\/\/api.w.org\/{rel}","templated":true}]}}